{"id":33849,"date":"2022-11-14T16:37:13","date_gmt":"2022-11-14T15:37:13","guid":{"rendered":"https:\/\/test.sanders.it\/?page_id=33849"},"modified":"2022-11-16T10:01:18","modified_gmt":"2022-11-16T09:01:18","slug":"condizioni-generali-di-contratto","status":"publish","type":"page","link":"https:\/\/test.sanders.it\/?page_id=33849","title":{"rendered":"Condizioni Generali di Contratto"},"content":{"rendered":"<p style=\"text-align: center;\">CONDIZIONI GENERALI DI CONTRATTO<\/p>\n<p><span style=\"font-weight: 400;\">Le presenti Condizioni generali di contratto (in seguito anche \u201cCGC\u201d) disciplinano i rapporti commerciali tra la generalit\u00e0 degli utenti consumatori (in seguito \u201cUtenti\u201d o anche \u201cCommittenti\u201d) e la societ\u00e0 Sanders S.r.l., avente sede legale a MILANO (20124), Via G.B. Pirelli 16\/B, PEC <\/span><a href=\"mailto:farmasuissesrl@pec.it\"><span style=\"font-weight: 400;\">farmasuissesrl@pec.it<\/span><\/a><span style=\"font-weight: 400;\"><span style=\"font-weight: 400;\"><span style=\"font-weight: 400;\"><span style=\"font-weight: 400;\"> (in seguito, la \u201cSociet\u00e0\u201d o la \u201cFornitrice\u201d), per la generalit\u00e0 delle forniture e dei servizi svolti dalla Societ\u00e0. Sono fatte salve e prevarranno sulle presenti CGC, le condizioni particolari di contratto relative a specifiche forniture e servizi e le clausole particolari contenute nei singoli contratti.<\/span><\/span><\/span><\/span><\/p>\n<p>&nbsp;<\/p>\n<ol>\n<li style=\"font-weight: 400;\" aria-level=\"1\"><span style=\"font-weight: 400;\">CONTRATTI NEGOZIATI FUORI DEI LOCALI DELL\u2019IMPRESA O A DISTANZA<\/span><\/li>\n<\/ol>\n<p><span style=\"font-weight: 400;\">1.1) FATTISPECIE: Si intendono conclusi fuori dei locali dell\u2019impresa o a distanza, tutti i contratti aventi per oggetto beni o servizi offerti dalla Societ\u00e0 stipulati\/sottoscritti fuori dei Centri IHS, senza la presenza fisica e simultanea delle parti del contratto, attraverso qualunque mezzo di comunicazione (per telefono, posta elettronica, appositi form sul portale della Societ\u00e0, ecc.).<\/span><\/p>\n<p><span style=\"font-weight: 400;\">1.2) DIRITTO DI RECESSO: Il Committente ha il diritto di recedere dal contratto, senza indicarne le ragioni, entro quattordici (14) giorni dalla conclusione dello stesso, come di seguito meglio precisato: <\/span><\/p>\n<p><span style=\"font-weight: 400;\"><span style=\"font-weight: 400;\">a. ai fini del rispetto del termine di recesso, \u00e8 sufficiente che la relativa comunicazione venga inviata prima della scadenza del periodo di recesso.<\/span><\/span><\/p>\n<p><span style=\"font-weight: 400;\">b. per esercitare il diritto di recesso il Committente deve informare la Societ\u00e0 della sua decisione di recedere dal contratto, tramite una dichiarazione esplicita da inviare a mezzo posta (all\u2019indirizzo Sanders S.r.l., Via G.B. Pirelli 16\/B, 20124 Milano) o a mezzo PEC (all\u2019indirizzo <\/span><a href=\"mailto:farmasuissesrl@pec.it\"><span style=\"font-weight: 400;\">farmasuissesrl@pec.it<\/span><\/a><span style=\"font-weight: 400;\">) o a mezzo email (all\u2019indirizzo a <\/span><a href=\"mailto:contatti@sanders.it\"><span style=\"font-weight: 400;\">contatti@sanders.it<\/span><\/a><span style=\"font-weight: 400;\"><span style=\"font-weight: 400;\">) cui deve per\u00f2 seguire l\u2019invio della medesima comunicazione anche a mezzo posta o PEC ai suddetti recapiti.<\/span><\/span><\/p>\n<p><span style=\"font-weight: 400;\"><span style=\"font-weight: 400;\">c. In caso di recesso dal contratto nei modi e termini stabiliti, il contratto perder\u00e0 la propria efficacia e la Societ\u00e0 rimborser\u00e0 al Committente tutti i pagamenti dallo stesso eventualmente ricevuti, compresi i costi di consegna, senza indebito ritardo e in ogni caso non oltre quattordici (14) giorni decorrenti dal ricevimento della comunicazione di recesso. I rimborsi saranno effettuati utilizzando lo stesso mezzo di pagamento dal Committente utilizzato per la transazione iniziale, senza alcun connesso onere.<\/span><\/span><\/p>\n<p><span style=\"font-weight: 400;\">d. Il diritto di recesso non potr\u00e0 essere esercitato per i contratti aventi ad oggetto prestazione di servizi dopo la completa prestazione del servizio, se l&#8217;esecuzione \u00e8 iniziata con l&#8217;accordo espresso del Committente e l&#8217;accettazione della perdita del diritto di recesso a seguito della piena esecuzione del contratto da parte della Societ\u00e0<\/span><\/p>\n<p>&nbsp;<\/p>\n<p><span style=\"font-weight: 400;\">2.<\/span><span style=\"font-weight: 400;\">CONTRATTI NEGOZIATI NEI LOCALI DELL\u2019IMPRESA<\/span><\/p>\n<p><span style=\"font-weight: 400;\"><span style=\"font-weight: 400;\">2-1 .FATTISPECIE: Si intendono conclusi nei locali dell\u2019impresa tutti i contratti aventi per oggetto beni o servizi offerti dalla Societ\u00e0 stipulati\/sottoscritti all\u2019interno dei locali adibiti a sede dei centri o degli ambulatori gestiti dalla Societ\u00e0 sul territorio italiano (in seguito \u201cCentri IHS\u201d), con la presenza fisica e simultanea delle parti del contratto.<\/span><\/span><\/p>\n<p><span style=\"font-weight: 400;\">2-2. FACOLTA\u2019 DI RECESSO SENZA PENALI: Per i contratti conclusi nei Centri IHS, in estensione rispetto ai diritti stabiliti dalla legge, la Societ\u00e0 riconosce ai Committenti la facolt\u00e0 di recesso senza alcun addebito di costi e senza penale, purch\u00e9 esercitata entro sette (7) giorni dalla conclusione del contratto. La facolt\u00e0 di recesso sar\u00e0 in ogni caso esercitabile esclusivamente fino al principio di esecuzione contrattuale (ad esempio, nel caso il contratto preveda forniture di prodotti, fino al ritiro degli stessi o di parte degli stessi; nel caso preveda prestazioni di servizi \u2013 in seguito anche \u201cTrattamento\/i\u201d -, fino al giorno di inizio del Trattamento). Saranno ritenute valide le sole comunicazioni effettuate in forma scritta a mezzo posta (all\u2019indirizzo Sanders S.r.l., Via G.B. Pirelli 16\/B, 20124 Milano) o a mezzo PEC (all\u2019indirizzo <\/span><a href=\"mailto:farmasuissesrl@pec.it\"><span style=\"font-weight: 400;\">farmasuissesrl@pec.it<\/span><\/a><span style=\"font-weight: 400;\">), nonch\u00e9 a mezzo mail (all\u2019indirizzo: <\/span><a href=\"mailto:contatti@sanders.it\"><span style=\"font-weight: 400;\">contatti@sanders.it<\/span><\/a><span style=\"font-weight: 400;\"><span style=\"font-weight: 400;\">), cui deve per\u00f2 seguire l\u2019invio della medesima comunicazione anche a mezzo posta o PEC ai suddetti recapiti.<\/span><\/span><\/p>\n<p><span style=\"font-weight: 400;\">2-3. FACOLTA\u2019 DI RECESSO CON PENALI LIMITATE: Nei casi in cui il Committente manifesti volont\u00e0 di recesso oltre il termine di sette (7) giorni dalla sottoscrizione del contratto, sar\u00e0 tenuto al pagamento della penale stabilita nel relativo contratto. La facolt\u00e0 di recesso sar\u00e0 in ogni caso esercitabile esclusivamente fino al principio di esecuzione contrattuale (ad esempio, nel caso il contratto preveda forniture di prodotti, fino al ritiro degli stessi o di parte degli stessi; nel caso preveda prestazioni di servizi \u2013 in seguito anche \u201cTrattamento\/i\u201d -, fino al giorno di inizio del Trattamento). Saranno ritenute valide le sole comunicazioni effettuate in forma scritta a mezzo posta (all\u2019indirizzo Sanders S.r.l., Via G.B. Pirelli 16\/B, 20124 Milano) o a mezzo PEC (all\u2019indirizzo <\/span><a href=\"mailto:farmasuissesrl@pec.it\"><span style=\"font-weight: 400;\">farmasuissesrl@pec.it<\/span><\/a><span style=\"font-weight: 400;\">), nonch\u00e9 a mezzo mail (all\u2019indirizzo: <\/span><a href=\"mailto:contatti@sanders.it\"><span style=\"font-weight: 400;\">contatti@sanders.it<\/span><\/a><span style=\"font-weight: 400;\"><span style=\"font-weight: 400;\">), cui deve per\u00f2 seguire l\u2019invio della medesima comunicazione anche a mezzo posta o PEC ai suddetti recapiti.<\/span><\/span><\/p>\n<p><span style=\"font-weight: 400;\">2-4. DISCIPLINA INADEMPIMENTI:\u00a0<\/span><\/p>\n<p><span style=\"font-weight: 400;\">a. Nei casi in cui il Committente, in assenza di una precedente e formale comunicazione di recesso, non provveda a ritirare in tutto o in parte i prodotti e\/o non si renda disponibile a ricevere in tutto o in parte i Trattamenti disertando gli appuntamenti e\/o non provveda a versare i corrispettivi contrattuali dovuti, decorso il termine essenziale di giorni quindici (15) dal ricevimento dell\u2019invito ad adempiere all\u2019uopo formulato dalla Societ\u00e0 il contratto si intender\u00e0 risolto di diritto e il Committente sar\u00e0 tenuto a corrispondere alla Societ\u00e0 le penali per ciascuna fattispecie stabilite nei relativi contratti, nonch\u00e9 il saldo relativo ai prodotti ritirati ove il Committente abbia gi\u00e0 provveduto al ritiro di parte degli stessi.<\/span><\/p>\n<p><span style=\"font-weight: 400;\">b. Analogamente, ove il Committente richieda di prendere in consegna i prodotti e iniziare il Trattamento, offrendo la corresponsione del relativo prezzo e la Societ\u00e0 non ottemperi all\u2019invito nel termine essenziale di giorni quindici (15), il contratto si intender\u00e0 risolto di diritto e la Societ\u00e0 sar\u00e0 tenuta a corrispondere la penale stabilita nel relativo contratto.\u00a0<\/span><\/p>\n<p>&nbsp;<\/p>\n<p><span style=\"font-weight: 400;\"><span style=\"font-weight: 400;\">3. PAGAMENTI: I pagamenti convenuti nei contratti dovranno essere eseguiti con le modalit\u00e0 negli stessi specificate e con i mezzi di pagamento consentiti dalle leggi vigenti in materia. In caso di pagamento con finanziamento, il Committente accetta di sottoscrivere l\u2019apposito contratto con un istituto terzo eventualmente proposto dalla Societ\u00e0 al fine di ottenere l\u2019erogazione della somma necessaria. Qualora tale istituto non provveda alla concessione del finanziamento richiesto, per mancanza di requisiti o per mancata consegna della documentazione richiesta, la Societ\u00e0 sar\u00e0 libera di ritenere il contratto risolto o di consentire, su richiesta del Committente, che il pagamento del corrispettivo contrattuale avvenga con rateizzazione mensile fino al termine massimo coincidente con la durata del contratto stesso, senza addebito di interessi. In caso di ritardo nei pagamenti rispetto ai termini convenuti nei singoli contratti, saranno dovuti dal Committente interessi di mora in misura pari al tasso previsto dal d.lgs. 9 ottobre 2002 n. 231; fatto salvo ogni altro diritto della Societ\u00e0 (ivi compreso il diritto alla penale e quello di far valere la risoluzione del contratto).<\/span><\/span><\/p>\n<p>&nbsp;<\/p>\n<p><span style=\"font-weight: 400;\"><span style=\"font-weight: 400;\">4. CONTROVERSIE: Per ogni controversia riguardante la validit\u00e0, l\u2019efficacia, l\u2019esecuzione e l\u2019applicazione dei contratti tra Societ\u00e0 e Committenti, la competenza territoriale inderogabile \u00e8 del Giudice del luogo di residenza o domicilio del Committente, se ubicato nel territorio dello Stato Italiano (Art. 66 bis Codice del Consumo).<\/span><\/span><\/p>\n<p>&nbsp;<\/p>\n<p><span style=\"font-weight: 400;\">5. PRIVACY: Ai sensi degli artt. 13 e 14 GDPR (Regolamento UE 2016\/679), la Societ\u00e0 informa che il trattamento dei dati personali ed eventuali dati sensibili e le eventuali rilevazioni fotografiche del Committente, sono finalizzati unicamente alla gestione degli specifici rapporto contrattuali in relazione ai quali sono stati acquisiti. I dati stessi verranno peraltro trattati, previo consenso per le finalit\u00e0 sopra elencate, rispettando i principi di liceit\u00e0, correttezza e trasparenza, garantendo comunque il pieno esercizio dei diritti del Committente stesso. Le modalit\u00e0 del trattamento avverranno in forma cartacea e\/o con l\u2019utilizzo di procedure informatiche alle sole finalit\u00e0 sopra citate e ad opera di soggetti preventivamente incaricati di effettuare il trattamento medesimo, in modo da garantire la sicurezza e la riservatezza dei dati. Il conferimento dei dati \u00e8 necessario per l\u2019esatta esecuzione degli obblighi contrattuali e la loro mancata indicazione comporta l\u2019impossibilit\u00e0 di portare a termine l\u2019adempimento delle obbligazioni contrattuali a carico della Societ\u00e0. Il consenso al trattamento di detti dati, compresi quelli sensibili, manifestato con le modalit\u00e0 previste nei singoli contratti o form, si intende esteso anche ai soggetti incaricati della Societ\u00e0 (dipendenti, collaboratori e consulenti della Societ\u00e0 e di societ\u00e0 terze che collaborano con la Societ\u00e0 nell\u2019esecuzione delle forniture e prestazioni oggetto dei contratti). I dati forniti verranno conservati nel rispetto degli obblighi di legge. Agli interessati sono riconosciuti i seguenti diritti: a) diritto di accesso ai dati personali; b) diritto rettifica o la cancellazione degli stessi; c) diritto di opporsi al trattamento; d) diritto alla portabilit\u00e0 dei dati; e) diritto di revocare il consenso; f) diritto di proporre reclamo all&#8217;autorit\u00e0 di controllo (Garante Privacy). L\u2019interessato potr\u00e0 esercitare i Suoi diritti inviando comunicazione via e-mail all\u2019indirizzo <\/span><a href=\"mailto:contatti@sanders.it\"><span style=\"font-weight: 400;\">contatti@sanders.it<\/span><\/a><span style=\"font-weight: 400;\">. Titolare e Responsabile del trattamento \u00e8 la Societ\u00e0.<\/span><\/p>\n","protected":false},"excerpt":{"rendered":"<p>CONDIZIONI GENERALI DI CONTRATTO Le presenti Condizioni generali di contratto (in seguito anche \u201cCGC\u201d) disciplinano i rapporti commerciali tra la generalit\u00e0 degli utenti consumatori (in seguito \u201cUtenti\u201d o anche \u201cCommittenti\u201d) e la societ\u00e0 Sanders S.r.l., avente sede legale a MILANO (20124), Via G.B. Pirelli 16\/B, PEC farmasuissesrl@pec.it (in seguito, la \u201cSociet\u00e0\u201d o la \u201cFornitrice\u201d), per [&hellip;]<\/p>\n","protected":false},"author":1,"featured_media":0,"parent":0,"menu_order":1,"comment_status":"closed","ping_status":"closed","template":"","meta":{"footnotes":""},"class_list":["post-33849","page","type-page","status-publish","hentry"],"acf":[],"yoast_head":"<!-- This site is optimized with the Yoast SEO plugin v18.1 - https:\/\/yoast.com\/wordpress\/plugins\/seo\/ -->\n<title>Condizioni Generali di Contratto - Istituto Helvetico Sanders<\/title>\n<meta name=\"robots\" content=\"noindex, follow, max-snippet:-1, max-image-preview:large, max-video-preview:-1\" \/>\n<meta property=\"og:locale\" content=\"it_IT\" \/>\n<meta property=\"og:type\" content=\"article\" \/>\n<meta property=\"og:title\" content=\"Condizioni Generali di Contratto - Istituto Helvetico Sanders\" \/>\n<meta property=\"og:description\" content=\"CONDIZIONI GENERALI DI CONTRATTO Le presenti Condizioni generali di contratto (in seguito anche \u201cCGC\u201d) disciplinano i rapporti commerciali tra la generalit\u00e0 degli utenti consumatori (in seguito \u201cUtenti\u201d o anche \u201cCommittenti\u201d) e la societ\u00e0 Sanders S.r.l., avente sede legale a MILANO (20124), Via G.B. Pirelli 16\/B, PEC farmasuissesrl@pec.it (in seguito, la \u201cSociet\u00e0\u201d o la \u201cFornitrice\u201d), per [&hellip;]\" \/>\n<meta property=\"og:url\" content=\"https:\/\/test.sanders.it\/?page_id=33849\" \/>\n<meta property=\"og:site_name\" content=\"Istituto Helvetico Sanders\" \/>\n<meta property=\"article:modified_time\" content=\"2022-11-16T09:01:18+00:00\" \/>\n<meta name=\"twitter:card\" content=\"summary_large_image\" \/>\n<meta name=\"twitter:label1\" content=\"Tempo di lettura stimato\" \/>\n\t<meta name=\"twitter:data1\" content=\"7 minuti\" \/>\n<script type=\"application\/ld+json\" class=\"yoast-schema-graph\">{\"@context\":\"https:\/\/schema.org\",\"@graph\":[{\"@type\":\"WebSite\",\"@id\":\"https:\/\/test.sanders.it\/#website\",\"url\":\"https:\/\/test.sanders.it\/\",\"name\":\"Istituto Helvetico Sanders\",\"description\":\"\",\"potentialAction\":[{\"@type\":\"SearchAction\",\"target\":{\"@type\":\"EntryPoint\",\"urlTemplate\":\"https:\/\/test.sanders.it\/?s={search_term_string}\"},\"query-input\":\"required name=search_term_string\"}],\"inLanguage\":\"it-IT\"},{\"@type\":\"WebPage\",\"@id\":\"https:\/\/test.sanders.it\/?page_id=33849#webpage\",\"url\":\"https:\/\/test.sanders.it\/?page_id=33849\",\"name\":\"Condizioni Generali di Contratto - Istituto Helvetico Sanders\",\"isPartOf\":{\"@id\":\"https:\/\/test.sanders.it\/#website\"},\"datePublished\":\"2022-11-14T15:37:13+00:00\",\"dateModified\":\"2022-11-16T09:01:18+00:00\",\"breadcrumb\":{\"@id\":\"https:\/\/test.sanders.it\/?page_id=33849#breadcrumb\"},\"inLanguage\":\"it-IT\",\"potentialAction\":[{\"@type\":\"ReadAction\",\"target\":[\"https:\/\/test.sanders.it\/?page_id=33849\"]}]},{\"@type\":\"BreadcrumbList\",\"@id\":\"https:\/\/test.sanders.it\/?page_id=33849#breadcrumb\",\"itemListElement\":[{\"@type\":\"ListItem\",\"position\":1,\"name\":\"Condizioni Generali di Contratto\"}]}]}<\/script>\n<!-- \/ Yoast SEO plugin. -->","yoast_head_json":{"title":"Condizioni Generali di Contratto - Istituto Helvetico Sanders","robots":{"index":"noindex","follow":"follow","max-snippet":"max-snippet:-1","max-image-preview":"max-image-preview:large","max-video-preview":"max-video-preview:-1"},"og_locale":"it_IT","og_type":"article","og_title":"Condizioni Generali di Contratto - Istituto Helvetico Sanders","og_description":"CONDIZIONI GENERALI DI CONTRATTO Le presenti Condizioni generali di contratto (in seguito anche \u201cCGC\u201d) disciplinano i rapporti commerciali tra la generalit\u00e0 degli utenti consumatori (in seguito \u201cUtenti\u201d o anche \u201cCommittenti\u201d) e la societ\u00e0 Sanders S.r.l., avente sede legale a MILANO (20124), Via G.B. Pirelli 16\/B, PEC farmasuissesrl@pec.it (in seguito, la \u201cSociet\u00e0\u201d o la \u201cFornitrice\u201d), per [&hellip;]","og_url":"https:\/\/test.sanders.it\/?page_id=33849","og_site_name":"Istituto Helvetico Sanders","article_modified_time":"2022-11-16T09:01:18+00:00","twitter_card":"summary_large_image","twitter_misc":{"Tempo di lettura stimato":"7 minuti"},"schema":{"@context":"https:\/\/schema.org","@graph":[{"@type":"WebSite","@id":"https:\/\/test.sanders.it\/#website","url":"https:\/\/test.sanders.it\/","name":"Istituto Helvetico Sanders","description":"","potentialAction":[{"@type":"SearchAction","target":{"@type":"EntryPoint","urlTemplate":"https:\/\/test.sanders.it\/?s={search_term_string}"},"query-input":"required name=search_term_string"}],"inLanguage":"it-IT"},{"@type":"WebPage","@id":"https:\/\/test.sanders.it\/?page_id=33849#webpage","url":"https:\/\/test.sanders.it\/?page_id=33849","name":"Condizioni Generali di Contratto - Istituto Helvetico Sanders","isPartOf":{"@id":"https:\/\/test.sanders.it\/#website"},"datePublished":"2022-11-14T15:37:13+00:00","dateModified":"2022-11-16T09:01:18+00:00","breadcrumb":{"@id":"https:\/\/test.sanders.it\/?page_id=33849#breadcrumb"},"inLanguage":"it-IT","potentialAction":[{"@type":"ReadAction","target":["https:\/\/test.sanders.it\/?page_id=33849"]}]},{"@type":"BreadcrumbList","@id":"https:\/\/test.sanders.it\/?page_id=33849#breadcrumb","itemListElement":[{"@type":"ListItem","position":1,"name":"Condizioni Generali di Contratto"}]}]}},"_links":{"self":[{"href":"https:\/\/test.sanders.it\/index.php?rest_route=\/wp\/v2\/pages\/33849","targetHints":{"allow":["GET"]}}],"collection":[{"href":"https:\/\/test.sanders.it\/index.php?rest_route=\/wp\/v2\/pages"}],"about":[{"href":"https:\/\/test.sanders.it\/index.php?rest_route=\/wp\/v2\/types\/page"}],"author":[{"embeddable":true,"href":"https:\/\/test.sanders.it\/index.php?rest_route=\/wp\/v2\/users\/1"}],"replies":[{"embeddable":true,"href":"https:\/\/test.sanders.it\/index.php?rest_route=%2Fwp%2Fv2%2Fcomments&post=33849"}],"version-history":[{"count":0,"href":"https:\/\/test.sanders.it\/index.php?rest_route=\/wp\/v2\/pages\/33849\/revisions"}],"wp:attachment":[{"href":"https:\/\/test.sanders.it\/index.php?rest_route=%2Fwp%2Fv2%2Fmedia&parent=33849"}],"curies":[{"name":"wp","href":"https:\/\/api.w.org\/{rel}","templated":true}]}}