{"id":20956,"date":"2018-08-13T13:14:11","date_gmt":"2018-08-13T13:14:11","guid":{"rendered":"https:\/\/test.sanders.it\/?page_id=20956"},"modified":"2019-01-25T10:29:33","modified_gmt":"2019-01-25T10:29:33","slug":"tricotillomania","status":"publish","type":"page","link":"https:\/\/test.sanders.it\/?page_id=20956","title":{"rendered":"Tricotillomania"},"content":{"rendered":"","protected":false},"excerpt":{"rendered":"","protected":false},"author":1,"featured_media":21860,"parent":20922,"menu_order":108,"comment_status":"closed","ping_status":"closed","template":"template-page-builder.php","meta":{"footnotes":""},"class_list":["post-20956","page","type-page","status-publish","has-post-thumbnail","hentry"],"acf":[],"yoast_head":"<!-- This site is optimized with the Yoast SEO plugin v18.1 - https:\/\/yoast.com\/wordpress\/plugins\/seo\/ -->\n<title>La Tricotillomania: come rimediare<\/title>\n<meta name=\"description\" content=\"La tricotillomania \u00e8 un disturbo maniacale che pu\u00f2 portare il formarsi di chiazze glabre di capelli. Ecco come \u00e8 possibile intervenire\" \/>\n<meta name=\"robots\" content=\"noindex, follow, max-snippet:-1, max-image-preview:large, max-video-preview:-1\" \/>\n<meta property=\"og:locale\" content=\"it_IT\" \/>\n<meta property=\"og:type\" content=\"article\" \/>\n<meta property=\"og:title\" content=\"La Tricotillomania: come rimediare\" \/>\n<meta property=\"og:description\" content=\"La tricotillomania \u00e8 un disturbo maniacale che pu\u00f2 portare il formarsi di chiazze glabre di capelli. Ecco come \u00e8 possibile intervenire\" \/>\n<meta property=\"og:url\" content=\"https:\/\/test.sanders.it\/?page_id=20956\" \/>\n<meta property=\"og:site_name\" content=\"Istituto Helvetico Sanders\" \/>\n<meta property=\"article:modified_time\" content=\"2019-01-25T10:29:33+00:00\" \/>\n<meta property=\"og:image\" content=\"https:\/\/test.sanders.it\/wp-content\/uploads\/2018\/12\/Tricotillomania-desktop.jpg\" \/>\n\t<meta property=\"og:image:width\" content=\"1600\" \/>\n\t<meta property=\"og:image:height\" content=\"600\" \/>\n\t<meta property=\"og:image:type\" content=\"image\/jpeg\" \/>\n<meta name=\"twitter:card\" content=\"summary_large_image\" \/>\n<script type=\"application\/ld+json\" class=\"yoast-schema-graph\">{\"@context\":\"https:\/\/schema.org\",\"@graph\":[{\"@type\":\"WebSite\",\"@id\":\"https:\/\/test.sanders.it\/#website\",\"url\":\"https:\/\/test.sanders.it\/\",\"name\":\"Istituto Helvetico Sanders\",\"description\":\"\",\"potentialAction\":[{\"@type\":\"SearchAction\",\"target\":{\"@type\":\"EntryPoint\",\"urlTemplate\":\"https:\/\/test.sanders.it\/?s={search_term_string}\"},\"query-input\":\"required name=search_term_string\"}],\"inLanguage\":\"it-IT\"},{\"@type\":\"ImageObject\",\"@id\":\"https:\/\/test.sanders.it\/?page_id=20956#primaryimage\",\"inLanguage\":\"it-IT\",\"url\":\"https:\/\/test.sanders.it\/wp-content\/uploads\/2018\/12\/Tricotillomania-desktop.jpg\",\"contentUrl\":\"https:\/\/test.sanders.it\/wp-content\/uploads\/2018\/12\/Tricotillomania-desktop.jpg\",\"width\":1600,\"height\":600,\"caption\":\"Tricotillomania-desktop\"},{\"@type\":\"WebPage\",\"@id\":\"https:\/\/test.sanders.it\/?page_id=20956#webpage\",\"url\":\"https:\/\/test.sanders.it\/?page_id=20956\",\"name\":\"La Tricotillomania: come rimediare\",\"isPartOf\":{\"@id\":\"https:\/\/test.sanders.it\/#website\"},\"primaryImageOfPage\":{\"@id\":\"https:\/\/test.sanders.it\/?page_id=20956#primaryimage\"},\"datePublished\":\"2018-08-13T13:14:11+00:00\",\"dateModified\":\"2019-01-25T10:29:33+00:00\",\"description\":\"La tricotillomania \u00e8 un disturbo maniacale che pu\u00f2 portare il formarsi di chiazze glabre di capelli. Ecco come \u00e8 possibile intervenire\",\"breadcrumb\":{\"@id\":\"https:\/\/test.sanders.it\/?page_id=20956#breadcrumb\"},\"inLanguage\":\"it-IT\",\"potentialAction\":[{\"@type\":\"ReadAction\",\"target\":[\"https:\/\/test.sanders.it\/?page_id=20956\"]}]},{\"@type\":\"BreadcrumbList\",\"@id\":\"https:\/\/test.sanders.it\/?page_id=20956#breadcrumb\",\"itemListElement\":[{\"@type\":\"ListItem\",\"position\":1,\"name\":\"La Calvizie\",\"item\":\"https:\/\/test.sanders.it\/?page_id=20895\"},{\"@type\":\"ListItem\",\"position\":2,\"name\":\"Cause Caduta Capelli\",\"item\":\"https:\/\/test.sanders.it\/?page_id=20922\"},{\"@type\":\"ListItem\",\"position\":3,\"name\":\"Tricotillomania\"}]}]}<\/script>\n<!-- \/ Yoast SEO plugin. -->","yoast_head_json":{"title":"La Tricotillomania: come rimediare","description":"La tricotillomania \u00e8 un disturbo maniacale che pu\u00f2 portare il formarsi di chiazze glabre di capelli. Ecco come \u00e8 possibile intervenire","robots":{"index":"noindex","follow":"follow","max-snippet":"max-snippet:-1","max-image-preview":"max-image-preview:large","max-video-preview":"max-video-preview:-1"},"og_locale":"it_IT","og_type":"article","og_title":"La Tricotillomania: come rimediare","og_description":"La tricotillomania \u00e8 un disturbo maniacale che pu\u00f2 portare il formarsi di chiazze glabre di capelli. Ecco come \u00e8 possibile intervenire","og_url":"https:\/\/test.sanders.it\/?page_id=20956","og_site_name":"Istituto Helvetico Sanders","article_modified_time":"2019-01-25T10:29:33+00:00","og_image":[{"width":1600,"height":600,"url":"https:\/\/test.sanders.it\/wp-content\/uploads\/2018\/12\/Tricotillomania-desktop.jpg","type":"image\/jpeg"}],"twitter_card":"summary_large_image","schema":{"@context":"https:\/\/schema.org","@graph":[{"@type":"WebSite","@id":"https:\/\/test.sanders.it\/#website","url":"https:\/\/test.sanders.it\/","name":"Istituto Helvetico Sanders","description":"","potentialAction":[{"@type":"SearchAction","target":{"@type":"EntryPoint","urlTemplate":"https:\/\/test.sanders.it\/?s={search_term_string}"},"query-input":"required name=search_term_string"}],"inLanguage":"it-IT"},{"@type":"ImageObject","@id":"https:\/\/test.sanders.it\/?page_id=20956#primaryimage","inLanguage":"it-IT","url":"https:\/\/test.sanders.it\/wp-content\/uploads\/2018\/12\/Tricotillomania-desktop.jpg","contentUrl":"https:\/\/test.sanders.it\/wp-content\/uploads\/2018\/12\/Tricotillomania-desktop.jpg","width":1600,"height":600,"caption":"Tricotillomania-desktop"},{"@type":"WebPage","@id":"https:\/\/test.sanders.it\/?page_id=20956#webpage","url":"https:\/\/test.sanders.it\/?page_id=20956","name":"La Tricotillomania: come rimediare","isPartOf":{"@id":"https:\/\/test.sanders.it\/#website"},"primaryImageOfPage":{"@id":"https:\/\/test.sanders.it\/?page_id=20956#primaryimage"},"datePublished":"2018-08-13T13:14:11+00:00","dateModified":"2019-01-25T10:29:33+00:00","description":"La tricotillomania \u00e8 un disturbo maniacale che pu\u00f2 portare il formarsi di chiazze glabre di capelli. Ecco come \u00e8 possibile intervenire","breadcrumb":{"@id":"https:\/\/test.sanders.it\/?page_id=20956#breadcrumb"},"inLanguage":"it-IT","potentialAction":[{"@type":"ReadAction","target":["https:\/\/test.sanders.it\/?page_id=20956"]}]},{"@type":"BreadcrumbList","@id":"https:\/\/test.sanders.it\/?page_id=20956#breadcrumb","itemListElement":[{"@type":"ListItem","position":1,"name":"La Calvizie","item":"https:\/\/test.sanders.it\/?page_id=20895"},{"@type":"ListItem","position":2,"name":"Cause Caduta Capelli","item":"https:\/\/test.sanders.it\/?page_id=20922"},{"@type":"ListItem","position":3,"name":"Tricotillomania"}]}]}},"_links":{"self":[{"href":"https:\/\/test.sanders.it\/index.php?rest_route=\/wp\/v2\/pages\/20956","targetHints":{"allow":["GET"]}}],"collection":[{"href":"https:\/\/test.sanders.it\/index.php?rest_route=\/wp\/v2\/pages"}],"about":[{"href":"https:\/\/test.sanders.it\/index.php?rest_route=\/wp\/v2\/types\/page"}],"author":[{"embeddable":true,"href":"https:\/\/test.sanders.it\/index.php?rest_route=\/wp\/v2\/users\/1"}],"replies":[{"embeddable":true,"href":"https:\/\/test.sanders.it\/index.php?rest_route=%2Fwp%2Fv2%2Fcomments&post=20956"}],"version-history":[{"count":0,"href":"https:\/\/test.sanders.it\/index.php?rest_route=\/wp\/v2\/pages\/20956\/revisions"}],"up":[{"embeddable":true,"href":"https:\/\/test.sanders.it\/index.php?rest_route=\/wp\/v2\/pages\/20922"}],"wp:featuredmedia":[{"embeddable":true,"href":"https:\/\/test.sanders.it\/index.php?rest_route=\/wp\/v2\/media\/21860"}],"wp:attachment":[{"href":"https:\/\/test.sanders.it\/index.php?rest_route=%2Fwp%2Fv2%2Fmedia&parent=20956"}],"curies":[{"name":"wp","href":"https:\/\/api.w.org\/{rel}","templated":true}]}}