{"id":19616,"date":"2018-06-22T12:20:55","date_gmt":"2018-06-22T12:20:55","guid":{"rendered":"https:\/\/test.sanders.it\/?page_id=19616"},"modified":"2022-10-21T13:36:42","modified_gmt":"2022-10-21T12:36:42","slug":"perche-scegliere-noi","status":"publish","type":"page","link":"https:\/\/test.sanders.it\/?page_id=19616","title":{"rendered":"Perch\u00e9 Scegliere Noi"},"content":{"rendered":"","protected":false},"excerpt":{"rendered":"","protected":false},"author":1,"featured_media":33793,"parent":21237,"menu_order":73,"comment_status":"closed","ping_status":"closed","template":"template-scegliere.php","meta":{"footnotes":""},"class_list":["post-19616","page","type-page","status-publish","has-post-thumbnail","hentry"],"acf":[],"yoast_head":"<!-- This site is optimized with the Yoast SEO plugin v18.1 - https:\/\/yoast.com\/wordpress\/plugins\/seo\/ -->\n<title>Perch\u00e8 scegliere noi - Istituto Helvetico Sanders<\/title>\n<meta name=\"description\" content=\"Scopri perch\u00e8 pi\u00f9 di 60.000 persone si sono rivolte a noi per contrastare definitivamente il problema della perdita dei propri capelli.\" \/>\n<meta name=\"robots\" content=\"noindex, follow, max-snippet:-1, max-image-preview:large, max-video-preview:-1\" \/>\n<meta property=\"og:locale\" content=\"it_IT\" \/>\n<meta property=\"og:type\" content=\"article\" \/>\n<meta property=\"og:title\" content=\"Perch\u00e8 scegliere noi - Istituto Helvetico Sanders\" \/>\n<meta property=\"og:description\" content=\"Scopri perch\u00e8 pi\u00f9 di 60.000 persone si sono rivolte a noi per contrastare definitivamente il problema della perdita dei propri capelli.\" \/>\n<meta property=\"og:url\" content=\"https:\/\/test.sanders.it\/?page_id=19616\" \/>\n<meta property=\"og:site_name\" content=\"Istituto Helvetico Sanders\" \/>\n<meta property=\"article:modified_time\" content=\"2022-10-21T12:36:42+00:00\" \/>\n<meta property=\"og:image\" content=\"https:\/\/test.sanders.it\/wp-content\/uploads\/2022\/10\/Equipe-medico-chirurgica.jpg\" \/>\n\t<meta property=\"og:image:width\" content=\"1600\" \/>\n\t<meta property=\"og:image:height\" content=\"600\" \/>\n\t<meta property=\"og:image:type\" content=\"image\/jpeg\" \/>\n<meta name=\"twitter:card\" content=\"summary_large_image\" \/>\n<script type=\"application\/ld+json\" class=\"yoast-schema-graph\">{\"@context\":\"https:\/\/schema.org\",\"@graph\":[{\"@type\":\"WebSite\",\"@id\":\"https:\/\/test.sanders.it\/#website\",\"url\":\"https:\/\/test.sanders.it\/\",\"name\":\"Istituto Helvetico Sanders\",\"description\":\"\",\"potentialAction\":[{\"@type\":\"SearchAction\",\"target\":{\"@type\":\"EntryPoint\",\"urlTemplate\":\"https:\/\/test.sanders.it\/?s={search_term_string}\"},\"query-input\":\"required name=search_term_string\"}],\"inLanguage\":\"it-IT\"},{\"@type\":\"ImageObject\",\"@id\":\"https:\/\/test.sanders.it\/?page_id=19616#primaryimage\",\"inLanguage\":\"it-IT\",\"url\":\"https:\/\/test.sanders.it\/wp-content\/uploads\/2022\/10\/Equipe-medico-chirurgica.jpg\",\"contentUrl\":\"https:\/\/test.sanders.it\/wp-content\/uploads\/2022\/10\/Equipe-medico-chirurgica.jpg\",\"width\":1600,\"height\":600},{\"@type\":\"WebPage\",\"@id\":\"https:\/\/test.sanders.it\/?page_id=19616#webpage\",\"url\":\"https:\/\/test.sanders.it\/?page_id=19616\",\"name\":\"Perch\u00e8 scegliere noi - Istituto Helvetico Sanders\",\"isPartOf\":{\"@id\":\"https:\/\/test.sanders.it\/#website\"},\"primaryImageOfPage\":{\"@id\":\"https:\/\/test.sanders.it\/?page_id=19616#primaryimage\"},\"datePublished\":\"2018-06-22T12:20:55+00:00\",\"dateModified\":\"2022-10-21T12:36:42+00:00\",\"description\":\"Scopri perch\u00e8 pi\u00f9 di 60.000 persone si sono rivolte a noi per contrastare definitivamente il problema della perdita dei propri capelli.\",\"breadcrumb\":{\"@id\":\"https:\/\/test.sanders.it\/?page_id=19616#breadcrumb\"},\"inLanguage\":\"it-IT\",\"potentialAction\":[{\"@type\":\"ReadAction\",\"target\":[\"https:\/\/test.sanders.it\/?page_id=19616\"]}]},{\"@type\":\"BreadcrumbList\",\"@id\":\"https:\/\/test.sanders.it\/?page_id=19616#breadcrumb\",\"itemListElement\":[{\"@type\":\"ListItem\",\"position\":1,\"name\":\"Chi Siamo\",\"item\":\"https:\/\/test.sanders.it\/?page_id=21237\"},{\"@type\":\"ListItem\",\"position\":2,\"name\":\"Perch\u00e9 Scegliere Noi\"}]}]}<\/script>\n<!-- \/ Yoast SEO plugin. -->","yoast_head_json":{"title":"Perch\u00e8 scegliere noi - Istituto Helvetico Sanders","description":"Scopri perch\u00e8 pi\u00f9 di 60.000 persone si sono rivolte a noi per contrastare definitivamente il problema della perdita dei propri capelli.","robots":{"index":"noindex","follow":"follow","max-snippet":"max-snippet:-1","max-image-preview":"max-image-preview:large","max-video-preview":"max-video-preview:-1"},"og_locale":"it_IT","og_type":"article","og_title":"Perch\u00e8 scegliere noi - Istituto Helvetico Sanders","og_description":"Scopri perch\u00e8 pi\u00f9 di 60.000 persone si sono rivolte a noi per contrastare definitivamente il problema della perdita dei propri capelli.","og_url":"https:\/\/test.sanders.it\/?page_id=19616","og_site_name":"Istituto Helvetico Sanders","article_modified_time":"2022-10-21T12:36:42+00:00","og_image":[{"width":1600,"height":600,"url":"https:\/\/test.sanders.it\/wp-content\/uploads\/2022\/10\/Equipe-medico-chirurgica.jpg","type":"image\/jpeg"}],"twitter_card":"summary_large_image","schema":{"@context":"https:\/\/schema.org","@graph":[{"@type":"WebSite","@id":"https:\/\/test.sanders.it\/#website","url":"https:\/\/test.sanders.it\/","name":"Istituto Helvetico Sanders","description":"","potentialAction":[{"@type":"SearchAction","target":{"@type":"EntryPoint","urlTemplate":"https:\/\/test.sanders.it\/?s={search_term_string}"},"query-input":"required name=search_term_string"}],"inLanguage":"it-IT"},{"@type":"ImageObject","@id":"https:\/\/test.sanders.it\/?page_id=19616#primaryimage","inLanguage":"it-IT","url":"https:\/\/test.sanders.it\/wp-content\/uploads\/2022\/10\/Equipe-medico-chirurgica.jpg","contentUrl":"https:\/\/test.sanders.it\/wp-content\/uploads\/2022\/10\/Equipe-medico-chirurgica.jpg","width":1600,"height":600},{"@type":"WebPage","@id":"https:\/\/test.sanders.it\/?page_id=19616#webpage","url":"https:\/\/test.sanders.it\/?page_id=19616","name":"Perch\u00e8 scegliere noi - Istituto Helvetico Sanders","isPartOf":{"@id":"https:\/\/test.sanders.it\/#website"},"primaryImageOfPage":{"@id":"https:\/\/test.sanders.it\/?page_id=19616#primaryimage"},"datePublished":"2018-06-22T12:20:55+00:00","dateModified":"2022-10-21T12:36:42+00:00","description":"Scopri perch\u00e8 pi\u00f9 di 60.000 persone si sono rivolte a noi per contrastare definitivamente il problema della perdita dei propri capelli.","breadcrumb":{"@id":"https:\/\/test.sanders.it\/?page_id=19616#breadcrumb"},"inLanguage":"it-IT","potentialAction":[{"@type":"ReadAction","target":["https:\/\/test.sanders.it\/?page_id=19616"]}]},{"@type":"BreadcrumbList","@id":"https:\/\/test.sanders.it\/?page_id=19616#breadcrumb","itemListElement":[{"@type":"ListItem","position":1,"name":"Chi Siamo","item":"https:\/\/test.sanders.it\/?page_id=21237"},{"@type":"ListItem","position":2,"name":"Perch\u00e9 Scegliere Noi"}]}]}},"_links":{"self":[{"href":"https:\/\/test.sanders.it\/index.php?rest_route=\/wp\/v2\/pages\/19616","targetHints":{"allow":["GET"]}}],"collection":[{"href":"https:\/\/test.sanders.it\/index.php?rest_route=\/wp\/v2\/pages"}],"about":[{"href":"https:\/\/test.sanders.it\/index.php?rest_route=\/wp\/v2\/types\/page"}],"author":[{"embeddable":true,"href":"https:\/\/test.sanders.it\/index.php?rest_route=\/wp\/v2\/users\/1"}],"replies":[{"embeddable":true,"href":"https:\/\/test.sanders.it\/index.php?rest_route=%2Fwp%2Fv2%2Fcomments&post=19616"}],"version-history":[{"count":0,"href":"https:\/\/test.sanders.it\/index.php?rest_route=\/wp\/v2\/pages\/19616\/revisions"}],"up":[{"embeddable":true,"href":"https:\/\/test.sanders.it\/index.php?rest_route=\/wp\/v2\/pages\/21237"}],"wp:featuredmedia":[{"embeddable":true,"href":"https:\/\/test.sanders.it\/index.php?rest_route=\/wp\/v2\/media\/33793"}],"wp:attachment":[{"href":"https:\/\/test.sanders.it\/index.php?rest_route=%2Fwp%2Fv2%2Fmedia&parent=19616"}],"curies":[{"name":"wp","href":"https:\/\/api.w.org\/{rel}","templated":true}]}}