{"id":19497,"date":"2018-06-18T09:12:22","date_gmt":"2018-06-18T09:12:22","guid":{"rendered":"https:\/\/test.sanders.it\/?page_id=19497"},"modified":"2019-02-15T16:24:31","modified_gmt":"2019-02-15T16:24:31","slug":"dove-siamo","status":"publish","type":"page","link":"https:\/\/test.sanders.it\/?page_id=19497","title":{"rendered":"Dove Siamo"},"content":{"rendered":"","protected":false},"excerpt":{"rendered":"","protected":false},"author":1,"featured_media":0,"parent":0,"menu_order":160,"comment_status":"closed","ping_status":"closed","template":"template-dove-siamo.php","meta":{"footnotes":""},"class_list":["post-19497","page","type-page","status-publish","hentry"],"acf":[],"yoast_head":"<!-- This site is optimized with the Yoast SEO plugin v18.1 - https:\/\/yoast.com\/wordpress\/plugins\/seo\/ -->\n<title>Dove Siamo | Istituto Helvetico Sanders<\/title>\n<meta name=\"description\" content=\"Vuoi sapere quale \u00e8 il centro tricologico pi\u00f9 vicino a te? Cerca la tua citt\u00e0 e scopri quale \u00e8 il centro Istituto Helvetico Sanders pi\u00f9 comodo da raggiungere\" \/>\n<meta name=\"robots\" content=\"noindex, follow, max-snippet:-1, max-image-preview:large, max-video-preview:-1\" \/>\n<meta property=\"og:locale\" content=\"it_IT\" \/>\n<meta property=\"og:type\" content=\"article\" \/>\n<meta property=\"og:title\" content=\"Dove Siamo | Istituto Helvetico Sanders\" \/>\n<meta property=\"og:description\" content=\"Vuoi sapere quale \u00e8 il centro tricologico pi\u00f9 vicino a te? Cerca la tua citt\u00e0 e scopri quale \u00e8 il centro Istituto Helvetico Sanders pi\u00f9 comodo da raggiungere\" \/>\n<meta property=\"og:url\" content=\"https:\/\/test.sanders.it\/?page_id=19497\" \/>\n<meta property=\"og:site_name\" content=\"Istituto Helvetico Sanders\" \/>\n<meta property=\"article:modified_time\" content=\"2019-02-15T16:24:31+00:00\" \/>\n<meta property=\"og:image\" content=\"https:\/\/test.sanders.it\/wp-content\/uploads\/2018\/12\/istituto-elvetico-sanders-chi-siamo-dove-siamo.jpg\" \/>\n\t<meta property=\"og:image:width\" content=\"800\" \/>\n\t<meta property=\"og:image:height\" content=\"600\" \/>\n\t<meta property=\"og:image:type\" content=\"image\/jpeg\" \/>\n<meta name=\"twitter:card\" content=\"summary_large_image\" \/>\n<script type=\"application\/ld+json\" class=\"yoast-schema-graph\">{\"@context\":\"https:\/\/schema.org\",\"@graph\":[{\"@type\":\"WebSite\",\"@id\":\"https:\/\/test.sanders.it\/#website\",\"url\":\"https:\/\/test.sanders.it\/\",\"name\":\"Istituto Helvetico Sanders\",\"description\":\"\",\"potentialAction\":[{\"@type\":\"SearchAction\",\"target\":{\"@type\":\"EntryPoint\",\"urlTemplate\":\"https:\/\/test.sanders.it\/?s={search_term_string}\"},\"query-input\":\"required name=search_term_string\"}],\"inLanguage\":\"it-IT\"},{\"@type\":\"ImageObject\",\"@id\":\"https:\/\/test.sanders.it\/?page_id=19497#primaryimage\",\"inLanguage\":\"it-IT\",\"url\":\"https:\/\/test.sanders.it\/wp-content\/uploads\/2018\/12\/istituto-elvetico-sanders-chi-siamo-dove-siamo.jpg\",\"contentUrl\":\"https:\/\/test.sanders.it\/wp-content\/uploads\/2018\/12\/istituto-elvetico-sanders-chi-siamo-dove-siamo.jpg\",\"width\":800,\"height\":600,\"caption\":\"istituto-elvetico-sanders-chi-siamo-dove-siamo\"},{\"@type\":\"WebPage\",\"@id\":\"https:\/\/test.sanders.it\/?page_id=19497#webpage\",\"url\":\"https:\/\/test.sanders.it\/?page_id=19497\",\"name\":\"Dove Siamo | Istituto Helvetico Sanders\",\"isPartOf\":{\"@id\":\"https:\/\/test.sanders.it\/#website\"},\"datePublished\":\"2018-06-18T09:12:22+00:00\",\"dateModified\":\"2019-02-15T16:24:31+00:00\",\"description\":\"Vuoi sapere quale \u00e8 il centro tricologico pi\u00f9 vicino a te? Cerca la tua citt\u00e0 e scopri quale \u00e8 il centro Istituto Helvetico Sanders pi\u00f9 comodo da raggiungere\",\"breadcrumb\":{\"@id\":\"https:\/\/test.sanders.it\/?page_id=19497#breadcrumb\"},\"inLanguage\":\"it-IT\",\"potentialAction\":[{\"@type\":\"ReadAction\",\"target\":[\"https:\/\/test.sanders.it\/?page_id=19497\"]}]},{\"@type\":\"BreadcrumbList\",\"@id\":\"https:\/\/test.sanders.it\/?page_id=19497#breadcrumb\",\"itemListElement\":[{\"@type\":\"ListItem\",\"position\":1,\"name\":\"Dove Siamo\"}]}]}<\/script>\n<!-- \/ Yoast SEO plugin. -->","yoast_head_json":{"title":"Dove Siamo | Istituto Helvetico Sanders","description":"Vuoi sapere quale \u00e8 il centro tricologico pi\u00f9 vicino a te? Cerca la tua citt\u00e0 e scopri quale \u00e8 il centro Istituto Helvetico Sanders pi\u00f9 comodo da raggiungere","robots":{"index":"noindex","follow":"follow","max-snippet":"max-snippet:-1","max-image-preview":"max-image-preview:large","max-video-preview":"max-video-preview:-1"},"og_locale":"it_IT","og_type":"article","og_title":"Dove Siamo | Istituto Helvetico Sanders","og_description":"Vuoi sapere quale \u00e8 il centro tricologico pi\u00f9 vicino a te? Cerca la tua citt\u00e0 e scopri quale \u00e8 il centro Istituto Helvetico Sanders pi\u00f9 comodo da raggiungere","og_url":"https:\/\/test.sanders.it\/?page_id=19497","og_site_name":"Istituto Helvetico Sanders","article_modified_time":"2019-02-15T16:24:31+00:00","og_image":[{"width":800,"height":600,"url":"https:\/\/test.sanders.it\/wp-content\/uploads\/2018\/12\/istituto-elvetico-sanders-chi-siamo-dove-siamo.jpg","type":"image\/jpeg"}],"twitter_card":"summary_large_image","schema":{"@context":"https:\/\/schema.org","@graph":[{"@type":"WebSite","@id":"https:\/\/test.sanders.it\/#website","url":"https:\/\/test.sanders.it\/","name":"Istituto Helvetico Sanders","description":"","potentialAction":[{"@type":"SearchAction","target":{"@type":"EntryPoint","urlTemplate":"https:\/\/test.sanders.it\/?s={search_term_string}"},"query-input":"required name=search_term_string"}],"inLanguage":"it-IT"},{"@type":"ImageObject","@id":"https:\/\/test.sanders.it\/?page_id=19497#primaryimage","inLanguage":"it-IT","url":"https:\/\/test.sanders.it\/wp-content\/uploads\/2018\/12\/istituto-elvetico-sanders-chi-siamo-dove-siamo.jpg","contentUrl":"https:\/\/test.sanders.it\/wp-content\/uploads\/2018\/12\/istituto-elvetico-sanders-chi-siamo-dove-siamo.jpg","width":800,"height":600,"caption":"istituto-elvetico-sanders-chi-siamo-dove-siamo"},{"@type":"WebPage","@id":"https:\/\/test.sanders.it\/?page_id=19497#webpage","url":"https:\/\/test.sanders.it\/?page_id=19497","name":"Dove Siamo | Istituto Helvetico Sanders","isPartOf":{"@id":"https:\/\/test.sanders.it\/#website"},"datePublished":"2018-06-18T09:12:22+00:00","dateModified":"2019-02-15T16:24:31+00:00","description":"Vuoi sapere quale \u00e8 il centro tricologico pi\u00f9 vicino a te? Cerca la tua citt\u00e0 e scopri quale \u00e8 il centro Istituto Helvetico Sanders pi\u00f9 comodo da raggiungere","breadcrumb":{"@id":"https:\/\/test.sanders.it\/?page_id=19497#breadcrumb"},"inLanguage":"it-IT","potentialAction":[{"@type":"ReadAction","target":["https:\/\/test.sanders.it\/?page_id=19497"]}]},{"@type":"BreadcrumbList","@id":"https:\/\/test.sanders.it\/?page_id=19497#breadcrumb","itemListElement":[{"@type":"ListItem","position":1,"name":"Dove Siamo"}]}]}},"_links":{"self":[{"href":"https:\/\/test.sanders.it\/index.php?rest_route=\/wp\/v2\/pages\/19497","targetHints":{"allow":["GET"]}}],"collection":[{"href":"https:\/\/test.sanders.it\/index.php?rest_route=\/wp\/v2\/pages"}],"about":[{"href":"https:\/\/test.sanders.it\/index.php?rest_route=\/wp\/v2\/types\/page"}],"author":[{"embeddable":true,"href":"https:\/\/test.sanders.it\/index.php?rest_route=\/wp\/v2\/users\/1"}],"replies":[{"embeddable":true,"href":"https:\/\/test.sanders.it\/index.php?rest_route=%2Fwp%2Fv2%2Fcomments&post=19497"}],"version-history":[{"count":0,"href":"https:\/\/test.sanders.it\/index.php?rest_route=\/wp\/v2\/pages\/19497\/revisions"}],"wp:attachment":[{"href":"https:\/\/test.sanders.it\/index.php?rest_route=%2Fwp%2Fv2%2Fmedia&parent=19497"}],"curies":[{"name":"wp","href":"https:\/\/api.w.org\/{rel}","templated":true}]}}